{"id":6,"date":"2025-10-14T19:17:46","date_gmt":"2025-10-14T18:17:46","guid":{"rendered":"https:\/\/odprteobjave-iskalnik.ddnsfree.com\/search\/"},"modified":"2025-12-15T13:56:08","modified_gmt":"2025-12-15T12:56:08","slug":"search","status":"publish","type":"page","link":"https:\/\/odprteobjave-iskalnik.ddnsfree.com\/en\/search\/","title":{"rendered":"Iskalnik za revije"},"content":{"rendered":"[et_pb_section fb_built=&#8221;1&#8243; admin_label=&#8221;section&#8221; _builder_version=&#8221;4.27.4&#8243; module_alignment_tablet=&#8221;&#8221; module_alignment_phone=&#8221;&#8221; module_alignment_last_edited=&#8221;on|phone&#8221; global_colors_info=&#8221;{}&#8221; custom_padding=&#8221;0px|||||&#8221;][et_pb_row admin_label=&#8221;row&#8221; _builder_version=&#8221;4.27.4&#8243; background_size=&#8221;initial&#8221; background_position=&#8221;top_left&#8221; background_repeat=&#8221;repeat&#8221; width=&#8221;90%&#8221; max_width=&#8221;none&#8221; module_alignment=&#8221;center&#8221; custom_margin=&#8221;|auto||2px||&#8221; global_colors_info=&#8221;{}&#8221; custom_padding=&#8221;0px|||||&#8221;][et_pb_column type=&#8221;4_4&#8243; _builder_version=&#8221;4.16&#8243; custom_padding=&#8221;|||&#8221; global_colors_info=&#8221;{}&#8221; custom_padding__hover=&#8221;|||&#8221;][et_pb_text admin_label=&#8221;Text&#8221; _builder_version=&#8221;4.27.4&#8243; background_size=&#8221;initial&#8221; background_position=&#8221;top_left&#8221; background_repeat=&#8221;repeat&#8221; width=&#8221;100%&#8221; custom_margin=&#8221;|-647px||||&#8221; global_colors_info=&#8221;{}&#8221;]<p>ISKANJE PRIMERNE REVIJE V OKVIRU KONZORCIJEV CTK IN COSEC<\/p>\n<p><\/p>\n<p><a href=\"https:\/\/pisrs.si\/pregledPredpisa?id=URED8793\" target=\"_blank\" rel=\"noreferrer noopener\">Uredba<\/a>\u00a0in Evropska komisija kot legitimno mo\u017enost za znanstvene objave v odprtem dostopu \u0161tejeta tudi objave v tradicionalnih, naro\u010dni\u0161kih revijah, kjer je mogo\u010de proti pla\u010dilu APC zagotoviti odprtost posameznih \u010dlankov (tako imenovane hibridne revije). Vendar pla\u010dilo oprtosti objave v hibridnih revijah ni upravi\u010den stro\u0161ek. Objava v hibridni reviji je mo\u017ena le, kadar odprtost znanstvene objave pla\u010dana iz drugih virov. V tem primeru govorimo o tako imenovanih preoblikovalnih pogodbah, pri \u010demer odprtost znanstvenih objav v obliki vav\u010derjev vnaprej pla\u010dajo nabavni konzorciji mednarodne znanstvene literature. V nadaljevanju je na voljo seznam znanstvenih revij, ki jih zagotavljata konzorcija CTK in COSEC z informacijami o upravi\u010denih uporabnikih (institucije \u2013 \u010dlanic konzorcijev), ter o okvirnem \u0161tevilu preostalih vav\u010derjev. Na seznamu so tudi nekatere revije, v zvezi s katerimi objava zaradi licen\u010dnih dolo\u010dil ni mogo\u010da. Na voljo so tudi informacije o izjemah, ki jih v prehodnih dolo\u010dbah dolo\u010da\u00a0<a href=\"https:\/\/pisrs.si\/pregledPredpisa?id=URED8793\" target=\"_blank\" rel=\"noreferrer noopener\">uredba.<\/a><\/p>\n<p><\/p>\n<p><strong>Opozorilo<\/strong>:<\/p>\n<p><\/p>\n<p>Ta seznam je bil skrbno sestavljen. Vendar avtorji niso odgovorni in izrecno zavra\u010dajo vsako odgovornost za katero koli \u0161kodo, ki izhaja iz uporabe, sklicevanja na ali zana\u0161anja na katero koli informacijo, ki je v tem seznamu. \u010ceprav se informacije, ki jih vsebuje spletno mesto, redno posodabljajo, nobeno zagotovilo ni podano, da so informacije, navedene na tej spletni strani, pravilne, popolne in posodobljene.<\/p>\n<p><\/p>\n<p>Tabela se lahko dlje nalaga zaradi obsega podatkov; prosimo, po\u010dakajte, da se podatki nalo\u017eijo v celoti. Tabela je integrirana v spletno stran odprteobjave.si s tehnologijo\u00a0<a href=\"https:\/\/www.google.com\/sheets\/about\/\" target=\"_blank\" rel=\"noreferrer noopener\">Google Preglednice<\/a>, zato ne upo\u0161teva v celoti nastavitev dostopnosti za spletno stran odprteobjave.si. Za ve\u010d opcij dostopnosti pri ogledu tabele odprite tabelo\u00a0<a href=\"https:\/\/docs.google.com\/spreadsheets\/d\/13B39ecVVasfpB8aoNnz96tfemBXV48no_FVyUH3DBrk\/edit?usp=sharing\" target=\"_blank\" rel=\"noreferrer noopener\">v polnem pogledu v orodju Google Preglednice<\/a>\u00a0in sledite navodilom podjetja Google za dostopnost njihovih produktov.<\/p>\n<p><\/p>\n<p>\u00a0<\/p>\n<p><\/p>\n<p><div id=\"odprteobjave-search-app\" class=\"et_pb_text\"><\/div>\n<\/p>[\/et_pb_text][\/et_pb_column][\/et_pb_row][\/et_pb_section]","protected":false},"excerpt":{"rendered":"<p>ISKANJE PRIMERNE REVIJE V OKVIRU KONZORCIJEV CTK IN COSEC Uredba\u00a0in Evropska komisija kot legitimno mo\u017enost za znanstvene objave v odprtem dostopu \u0161tejeta tudi objave v tradicionalnih, naro\u010dni\u0161kih revijah, kjer je mogo\u010de proti pla\u010dilu APC zagotoviti odprtost posameznih \u010dlankov (tako imenovane hibridne revije). Vendar pla\u010dilo oprtosti objave v hibridnih revijah ni upravi\u010den stro\u0161ek. Objava v hibridni [&hellip;]<\/p>","protected":false},"author":1,"featured_media":0,"parent":0,"menu_order":0,"comment_status":"closed","ping_status":"closed","template":"templates\/page-search.php","meta":{"_et_pb_use_builder":"on","_et_pb_old_content":"<!-- wp:paragraph -->\n<p>ISKANJE PRIMERNE REVIJE V OKVIRU KONZORCIJEV CTK IN COSEC<\/p>\n<!-- \/wp:paragraph -->\n\n<!-- wp:paragraph -->\n<p><a href=\"https:\/\/pisrs.si\/pregledPredpisa?id=URED8793\" target=\"_blank\" rel=\"noreferrer noopener\">Uredba<\/a>&nbsp;in Evropska komisija kot legitimno mo\u017enost za znanstvene objave v odprtem dostopu \u0161tejeta tudi objave v tradicionalnih, naro\u010dni\u0161kih revijah, kjer je mogo\u010de proti pla\u010dilu APC zagotoviti odprtost posameznih \u010dlankov (tako imenovane hibridne revije). Vendar pla\u010dilo oprtosti objave v hibridnih revijah ni upravi\u010den stro\u0161ek. Objava v hibridni reviji je mo\u017ena le, kadar odprtost znanstvene objave pla\u010dana iz drugih virov. V tem primeru govorimo o tako imenovanih preoblikovalnih pogodbah, pri \u010demer odprtost znanstvenih objav v obliki vav\u010derjev vnaprej pla\u010dajo nabavni konzorciji mednarodne znanstvene literature. V nadaljevanju je na voljo seznam znanstvenih revij, ki jih zagotavljata konzorcija CTK in COSEC z informacijami o upravi\u010denih uporabnikih (institucije \u2013 \u010dlanic konzorcijev), ter o okvirnem \u0161tevilu preostalih vav\u010derjev. Na seznamu so tudi nekatere revije, v zvezi s katerimi objava zaradi licen\u010dnih dolo\u010dil ni mogo\u010da. Na voljo so tudi informacije o izjemah, ki jih v prehodnih dolo\u010dbah dolo\u010da&nbsp;<a href=\"https:\/\/pisrs.si\/pregledPredpisa?id=URED8793\" target=\"_blank\" rel=\"noreferrer noopener\">uredba.<\/a><\/p>\n<!-- \/wp:paragraph -->\n\n<!-- wp:paragraph -->\n<p><strong>Opozorilo<\/strong>:<\/p>\n<!-- \/wp:paragraph -->\n\n<!-- wp:paragraph -->\n<p>Ta seznam je bil skrbno sestavljen. Vendar avtorji niso odgovorni in izrecno zavra\u010dajo vsako odgovornost za katero koli \u0161kodo, ki izhaja iz uporabe, sklicevanja na ali zana\u0161anja na katero koli informacijo, ki je v tem seznamu. \u010ceprav se informacije, ki jih vsebuje spletno mesto, redno posodabljajo, nobeno zagotovilo ni podano, da so informacije, navedene na tej spletni strani, pravilne, popolne in posodobljene.<\/p>\n<!-- \/wp:paragraph -->\n\n<!-- wp:paragraph -->\n<p>Tabela se lahko dlje nalaga zaradi obsega podatkov; prosimo, po\u010dakajte, da se podatki nalo\u017eijo v celoti. Tabela je integrirana v spletno stran odprteobjave.si s tehnologijo&nbsp;<a href=\"https:\/\/www.google.com\/sheets\/about\/\" target=\"_blank\" rel=\"noreferrer noopener\">Google Preglednice<\/a>, zato ne upo\u0161teva v celoti nastavitev dostopnosti za spletno stran odprteobjave.si. Za ve\u010d opcij dostopnosti pri ogledu tabele odprite tabelo&nbsp;<a href=\"https:\/\/docs.google.com\/spreadsheets\/d\/13B39ecVVasfpB8aoNnz96tfemBXV48no_FVyUH3DBrk\/edit?usp=sharing\" target=\"_blank\" rel=\"noreferrer noopener\">v polnem pogledu v orodju Google Preglednice<\/a>&nbsp;in sledite navodilom podjetja Google za dostopnost njihovih produktov.<\/p>\n<!-- \/wp:paragraph -->\n\n<!-- wp:paragraph -->\n<p><\/p>\n<!-- \/wp:paragraph -->\n\n<!-- wp:shortcode -->\n[odprteobjave_search_app]\n<!-- \/wp:shortcode -->","_et_gb_content_width":"","footnotes":""},"class_list":["post-6","page","type-page","status-publish","hentry"],"_links":{"self":[{"href":"https:\/\/odprteobjave-iskalnik.ddnsfree.com\/en\/wp-json\/wp\/v2\/pages\/6","targetHints":{"allow":["GET"]}}],"collection":[{"href":"https:\/\/odprteobjave-iskalnik.ddnsfree.com\/en\/wp-json\/wp\/v2\/pages"}],"about":[{"href":"https:\/\/odprteobjave-iskalnik.ddnsfree.com\/en\/wp-json\/wp\/v2\/types\/page"}],"author":[{"embeddable":true,"href":"https:\/\/odprteobjave-iskalnik.ddnsfree.com\/en\/wp-json\/wp\/v2\/users\/1"}],"replies":[{"embeddable":true,"href":"https:\/\/odprteobjave-iskalnik.ddnsfree.com\/en\/wp-json\/wp\/v2\/comments?post=6"}],"version-history":[{"count":11,"href":"https:\/\/odprteobjave-iskalnik.ddnsfree.com\/en\/wp-json\/wp\/v2\/pages\/6\/revisions"}],"predecessor-version":[{"id":67,"href":"https:\/\/odprteobjave-iskalnik.ddnsfree.com\/en\/wp-json\/wp\/v2\/pages\/6\/revisions\/67"}],"wp:attachment":[{"href":"https:\/\/odprteobjave-iskalnik.ddnsfree.com\/en\/wp-json\/wp\/v2\/media?parent=6"}],"curies":[{"name":"wp","href":"https:\/\/api.w.org\/{rel}","templated":true}]}}